{"id":8545,"date":"2023-03-28T10:52:56","date_gmt":"2023-03-28T10:52:56","guid":{"rendered":"https:\/\/erbdi.org\/demo\/?page_id=8545"},"modified":"2026-01-21T08:42:35","modified_gmt":"2026-01-21T08:42:35","slug":"where-we-work","status":"publish","type":"page","link":"https:\/\/erbdi.org\/fr\/where-we-work\/","title":{"rendered":"O\u00f9 nous travaillons"},"content":{"rendered":"<div data-elementor-type=\"wp-page\" data-elementor-id=\"8545\" class=\"elementor elementor-8545\">\n\t\t\t\t\t\t\t\t\t<section class=\"elementor-section elementor-top-section elementor-element elementor-element-3d943467 elementor-section-full_width elementor-section-height-default elementor-section-height-default\" data-id=\"3d943467\" data-element_type=\"section\" data-settings=\"{&quot;background_background&quot;:&quot;classic&quot;}\">\n\t\t\t\t\t\t<div class=\"elementor-container elementor-column-gap-no\">\n\t\t\t\t\t<div class=\"elementor-column elementor-col-50 elementor-top-column elementor-element elementor-element-17ccdde5\" data-id=\"17ccdde5\" data-element_type=\"column\" data-settings=\"{&quot;background_background&quot;:&quot;classic&quot;}\">\n\t\t\t<div class=\"elementor-widget-wrap elementor-element-populated\">\n\t\t\t\t\t<div class=\"elementor-background-overlay\"><\/div>\n\t\t\t\t\t\t\t\t<div class=\"elementor-element elementor-element-d6534b1 elementor-widget elementor-widget-spacer\" data-id=\"d6534b1\" data-element_type=\"widget\" data-widget_type=\"spacer.default\">\n\t\t\t\t<div class=\"elementor-widget-container\">\n\t\t\t\t\t<div class=\"elementor-spacer\">\n\t\t\t<div class=\"elementor-spacer-inner\"><\/div>\n\t\t<\/div>\n\t\t\t\t<\/div>\n\t\t\t\t<\/div>\n\t\t\t\t\t<\/div>\n\t\t<\/div>\n\t\t\t\t<div class=\"elementor-column elementor-col-50 elementor-top-column elementor-element elementor-element-25a97c7e\" data-id=\"25a97c7e\" data-element_type=\"column\">\n\t\t\t<div class=\"elementor-widget-wrap elementor-element-populated\">\n\t\t\t\t\t\t\t\t<div class=\"elementor-element elementor-element-53795852 aleft elementor-widget elementor-widget-wgl-double-headings\" data-id=\"53795852\" data-element_type=\"widget\" data-widget_type=\"wgl-double-headings.default\">\n\t\t\t\t<div class=\"elementor-widget-container\">\n\t\t\t        <div class=\"wgl-double_heading\"><h3 class=\"dbl__title-wrapper\"><span class=\"dbl__title dbl-title_1\">O\u00f9 nous travaillons<\/span><\/h3>        <\/div>\t\t<\/div>\n\t\t\t\t<\/div>\n\t\t\t\t<div class=\"elementor-element elementor-element-20287c71 elementor-widget elementor-widget-spacer\" data-id=\"20287c71\" data-element_type=\"widget\" data-widget_type=\"spacer.default\">\n\t\t\t\t<div class=\"elementor-widget-container\">\n\t\t\t\t\t<div class=\"elementor-spacer\">\n\t\t\t<div class=\"elementor-spacer-inner\"><\/div>\n\t\t<\/div>\n\t\t\t\t<\/div>\n\t\t\t\t<\/div>\n\t\t\t\t<div class=\"elementor-element elementor-element-c8a139c elementor-widget__width-inherit elementor-widget elementor-widget-text-editor\" data-id=\"c8a139c\" data-element_type=\"widget\" data-widget_type=\"text-editor.default\">\n\t\t\t\t<div class=\"elementor-widget-container\">\n\t\t\t\t\t\t\t<p>Durant la p\u00e9riode de mise en \u0153uvre de son plan strat\u00e9gique, les cinq interventions d'ERB (2023-2028) couvrent dix provinces\u00a0: Bubanza, Bujumbura Rural, Cibitoke, Rutana, Ruyigi, Makamba, Muramvya, Rumonge, Gitega et Karuzi. Il convient de noter que le nom et la configuration des provinces ont \u00e9t\u00e9 modifi\u00e9s. Nous maintenons l'ancien d\u00e9coupage g\u00e9ographique des provinces et suivrons progressivement son \u00e9volution. Cependant, nous \u00e9largirons le p\u00e9rim\u00e8tre des interventions en fonction des possibilit\u00e9s de financement, en accord avec nos partenaires financiers.<\/p>\t\t\t\t\t\t<\/div>\n\t\t\t\t<\/div>\n\t\t\t\t\t<\/div>\n\t\t<\/div>\n\t\t\t\t\t\t\t<\/div>\n\t\t<\/section>\n\t\t\t\t\t\t\t<\/div>","protected":false},"excerpt":{"rendered":"<p>Where we work. During the implementation period of its strategic plan, ERB&#8217;s five (2023-2028) interventions in the country cover 10 provinces, namely Bubanza,Bujumbura Rural, Cibitoke, Rutana, Ruyigi, Makamba, Muramvya, Rumonge, Gitega and Karuzi. It is worthy to mentionning that the name and confuguration of the provinces have been changed. We maintain the former geographical scape [&hellip;]<\/p>","protected":false},"author":1,"featured_media":0,"parent":0,"menu_order":0,"comment_status":"closed","ping_status":"closed","template":"elementor_theme","meta":{"footnotes":""},"class_list":["post-8545","page","type-page","status-publish","hentry"],"_links":{"self":[{"href":"https:\/\/erbdi.org\/fr\/wp-json\/wp\/v2\/pages\/8545","targetHints":{"allow":["GET"]}}],"collection":[{"href":"https:\/\/erbdi.org\/fr\/wp-json\/wp\/v2\/pages"}],"about":[{"href":"https:\/\/erbdi.org\/fr\/wp-json\/wp\/v2\/types\/page"}],"author":[{"embeddable":true,"href":"https:\/\/erbdi.org\/fr\/wp-json\/wp\/v2\/users\/1"}],"replies":[{"embeddable":true,"href":"https:\/\/erbdi.org\/fr\/wp-json\/wp\/v2\/comments?post=8545"}],"version-history":[{"count":70,"href":"https:\/\/erbdi.org\/fr\/wp-json\/wp\/v2\/pages\/8545\/revisions"}],"predecessor-version":[{"id":9913,"href":"https:\/\/erbdi.org\/fr\/wp-json\/wp\/v2\/pages\/8545\/revisions\/9913"}],"wp:attachment":[{"href":"https:\/\/erbdi.org\/fr\/wp-json\/wp\/v2\/media?parent=8545"}],"curies":[{"name":"wp","href":"https:\/\/api.w.org\/{rel}","templated":true}]}}