{"id":8808,"date":"2023-04-03T07:51:40","date_gmt":"2023-04-03T07:51:40","guid":{"rendered":"https:\/\/erbdi.org\/demo\/?page_id=8808"},"modified":"2026-01-20T15:04:55","modified_gmt":"2026-01-20T15:04:55","slug":"our-story","status":"publish","type":"page","link":"https:\/\/erbdi.org\/fr\/our-story\/","title":{"rendered":"Notre histoire"},"content":{"rendered":"<div data-elementor-type=\"wp-page\" data-elementor-id=\"8808\" class=\"elementor elementor-8808\">\n\t\t\t\t\t\t\t\t\t<section class=\"elementor-section elementor-top-section elementor-element elementor-element-cfe3178 elementor-section-boxed elementor-section-height-default elementor-section-height-default\" data-id=\"cfe3178\" data-element_type=\"section\">\n\t\t\t\t\t\t<div class=\"elementor-container elementor-column-gap-default\">\n\t\t\t\t\t<div class=\"elementor-column elementor-col-50 elementor-top-column elementor-element elementor-element-2f0c563\" data-id=\"2f0c563\" data-element_type=\"column\">\n\t\t\t<div class=\"elementor-widget-wrap elementor-element-populated\">\n\t\t\t\t\t\t\t\t<div class=\"elementor-element elementor-element-04e56bd elementor-widget elementor-widget-text-editor\" data-id=\"04e56bd\" data-element_type=\"widget\" data-widget_type=\"text-editor.default\">\n\t\t\t\t<div class=\"elementor-widget-container\">\n\t\t\t\t\t\t\t<p>En 2003, l\u2019ONG Empowering Response Burundi-ERB a \u00e9t\u00e9 cr\u00e9\u00e9e par un groupe d\u2019intellectuels et de professionnels du domaine du d\u00e9veloppement socio-\u00e9conomique pour apporter leurs comp\u00e9tences et leurs exp\u00e9riences \u00e0 la reconstruction et \u00e0 la restauration de l\u2019espoir des Burundais apr\u00e8s plus de 10 ans de guerre civile qui a \u00e9clat\u00e9 en 1993 suite \u00e0 l\u2019assassinat du pr\u00e9sident de la R\u00e9publique Melchior Ndadaye.<\/p>\t\t\t\t\t\t<\/div>\n\t\t\t\t<\/div>\n\t\t\t\t\t<\/div>\n\t\t<\/div>\n\t\t\t\t<div class=\"elementor-column elementor-col-50 elementor-top-column elementor-element elementor-element-3068d50\" data-id=\"3068d50\" data-element_type=\"column\">\n\t\t\t<div class=\"elementor-widget-wrap elementor-element-populated\">\n\t\t\t\t\t\t\t\t<div class=\"elementor-element elementor-element-05a8201 elementor-widget elementor-widget-text-editor\" data-id=\"05a8201\" data-element_type=\"widget\" data-widget_type=\"text-editor.default\">\n\t\t\t\t<div class=\"elementor-widget-container\">\n\t\t\t\t\t\t\t<p>Le nombre de m\u00e9nages pauvres et affam\u00e9s a augment\u00e9 apr\u00e8s la guerre civile. Les fondateurs et les membres de cette organisation \u00e9taient convaincus que la pauvret\u00e9, la faim, l'ignorance et l'injustice sociale figuraient parmi les grands d\u00e9fis \u00e0 relever pour instaurer la paix et le d\u00e9veloppement durable au Burundi.<\/p>\t\t\t\t\t\t<\/div>\n\t\t\t\t<\/div>\n\t\t\t\t\t<\/div>\n\t\t<\/div>\n\t\t\t\t\t\t\t<\/div>\n\t\t<\/section>\n\t\t\t\t<section class=\"elementor-section elementor-top-section elementor-element elementor-element-f9aadff elementor-section-boxed elementor-section-height-default elementor-section-height-default\" data-id=\"f9aadff\" data-element_type=\"section\">\n\t\t\t\t\t\t<div class=\"elementor-container elementor-column-gap-default\">\n\t\t\t\t\t<div class=\"elementor-column elementor-col-100 elementor-top-column elementor-element elementor-element-26a0ce8\" data-id=\"26a0ce8\" data-element_type=\"column\">\n\t\t\t<div class=\"elementor-widget-wrap\">\n\t\t\t\t\t\t\t\t\t<\/div>\n\t\t<\/div>\n\t\t\t\t\t\t\t<\/div>\n\t\t<\/section>\n\t\t\t\t<section class=\"elementor-section elementor-top-section elementor-element elementor-element-dba5461 elementor-section-boxed elementor-section-height-default elementor-section-height-default\" data-id=\"dba5461\" data-element_type=\"section\">\n\t\t\t\t\t\t<div class=\"elementor-container elementor-column-gap-default\">\n\t\t\t\t\t<div class=\"elementor-column elementor-col-50 elementor-top-column elementor-element elementor-element-7823574\" data-id=\"7823574\" data-element_type=\"column\">\n\t\t\t<div class=\"elementor-widget-wrap elementor-element-populated\">\n\t\t\t\t\t\t\t\t<div class=\"elementor-element elementor-element-ee79027 elementor-widget elementor-widget-image\" data-id=\"ee79027\" data-element_type=\"widget\" data-widget_type=\"image.default\">\n\t\t\t\t<div class=\"elementor-widget-container\">\n\t\t\t\t\t\t\t\t\t\t\t\t\t\t\t<img loading=\"lazy\" decoding=\"async\" width=\"1024\" height=\"683\" src=\"https:\/\/erbdi.org\/wp-content\/uploads\/2023\/04\/board-1024x683-1-2.jpg\" class=\"attachment-large size-large wp-image-8810\" alt=\"\" srcset=\"https:\/\/erbdi.org\/wp-content\/uploads\/2023\/04\/board-1024x683-1-2.jpg 1024w, https:\/\/erbdi.org\/wp-content\/uploads\/2023\/04\/board-1024x683-1-2-300x200.jpg 300w, https:\/\/erbdi.org\/wp-content\/uploads\/2023\/04\/board-1024x683-1-2-768x512.jpg 768w\" sizes=\"auto, (max-width: 1024px) 100vw, 1024px\" \/>\t\t\t\t\t\t\t\t\t\t\t\t\t\t\t<\/div>\n\t\t\t\t<\/div>\n\t\t\t\t\t<\/div>\n\t\t<\/div>\n\t\t\t\t<div class=\"elementor-column elementor-col-50 elementor-top-column elementor-element elementor-element-07e2643\" data-id=\"07e2643\" data-element_type=\"column\">\n\t\t\t<div class=\"elementor-widget-wrap elementor-element-populated\">\n\t\t\t\t\t\t\t\t<div class=\"elementor-element elementor-element-6ff2b71 elementor-widget elementor-widget-image\" data-id=\"6ff2b71\" data-element_type=\"widget\" data-widget_type=\"image.default\">\n\t\t\t\t<div class=\"elementor-widget-container\">\n\t\t\t\t\t\t\t\t\t\t\t\t\t\t\t<img loading=\"lazy\" decoding=\"async\" width=\"1024\" height=\"631\" src=\"https:\/\/erbdi.org\/wp-content\/uploads\/2023\/04\/IMG_9487-2048x1261-1-1024x631.jpg\" class=\"attachment-large size-large wp-image-8812\" alt=\"\" srcset=\"https:\/\/erbdi.org\/wp-content\/uploads\/2023\/04\/IMG_9487-2048x1261-1-1024x631.jpg 1024w, https:\/\/erbdi.org\/wp-content\/uploads\/2023\/04\/IMG_9487-2048x1261-1-300x185.jpg 300w, https:\/\/erbdi.org\/wp-content\/uploads\/2023\/04\/IMG_9487-2048x1261-1-768x473.jpg 768w, https:\/\/erbdi.org\/wp-content\/uploads\/2023\/04\/IMG_9487-2048x1261-1-1536x946.jpg 1536w, https:\/\/erbdi.org\/wp-content\/uploads\/2023\/04\/IMG_9487-2048x1261-1-1080x665.jpg 1080w, https:\/\/erbdi.org\/wp-content\/uploads\/2023\/04\/IMG_9487-2048x1261-1.jpg 2048w\" sizes=\"auto, (max-width: 1024px) 100vw, 1024px\" \/>\t\t\t\t\t\t\t\t\t\t\t\t\t\t\t<\/div>\n\t\t\t\t<\/div>\n\t\t\t\t\t<\/div>\n\t\t<\/div>\n\t\t\t\t\t\t\t<\/div>\n\t\t<\/section>\n\t\t\t\t<section class=\"elementor-section elementor-top-section elementor-element elementor-element-6edc99b elementor-section-boxed elementor-section-height-default elementor-section-height-default\" data-id=\"6edc99b\" data-element_type=\"section\">\n\t\t\t\t\t\t<div class=\"elementor-container elementor-column-gap-default\">\n\t\t\t\t\t<div class=\"elementor-column elementor-col-100 elementor-top-column elementor-element elementor-element-5a4deab\" data-id=\"5a4deab\" data-element_type=\"column\">\n\t\t\t<div class=\"elementor-widget-wrap elementor-element-populated\">\n\t\t\t\t\t\t\t\t<div class=\"elementor-element elementor-element-ae0caf8 elementor-widget elementor-widget-spacer\" data-id=\"ae0caf8\" data-element_type=\"widget\" data-widget_type=\"spacer.default\">\n\t\t\t\t<div class=\"elementor-widget-container\">\n\t\t\t\t\t<div class=\"elementor-spacer\">\n\t\t\t<div class=\"elementor-spacer-inner\"><\/div>\n\t\t<\/div>\n\t\t\t\t<\/div>\n\t\t\t\t<\/div>\n\t\t\t\t\t<\/div>\n\t\t<\/div>\n\t\t\t\t\t\t\t<\/div>\n\t\t<\/section>\n\t\t\t\t<section class=\"elementor-section elementor-top-section elementor-element elementor-element-b5fbaaf elementor-section-boxed elementor-section-height-default elementor-section-height-default\" data-id=\"b5fbaaf\" data-element_type=\"section\" data-settings=\"{&quot;background_background&quot;:&quot;classic&quot;}\">\n\t\t\t\t\t\t<div class=\"elementor-container elementor-column-gap-default\">\n\t\t\t\t\t<div class=\"elementor-column elementor-col-100 elementor-top-column elementor-element elementor-element-6902d56\" data-id=\"6902d56\" data-element_type=\"column\">\n\t\t\t<div class=\"elementor-widget-wrap elementor-element-populated\">\n\t\t\t\t\t\t\t\t<div class=\"elementor-element elementor-element-977ee7a elementor-widget elementor-widget-text-editor\" data-id=\"977ee7a\" data-element_type=\"widget\" data-widget_type=\"text-editor.default\">\n\t\t\t\t<div class=\"elementor-widget-container\">\n\t\t\t\t\t\t\t<p>La mission d'ERB repose sur la conviction qu'il est possible de lutter contre la pauvret\u00e9, la faim, l'ignorance et l'injustice sociale en s'appuyant sur le potentiel social et \u00e9conomique des communaut\u00e9s et des familles d\u00e9favoris\u00e9es. Depuis sa cr\u00e9ation, ERB adopte une approche holistique pour aider les communaut\u00e9s et les familles d\u00e9favoris\u00e9es \u00e0 d\u00e9velopper leurs capacit\u00e9s. Depuis 2003, ERB a nou\u00e9 divers partenariats avec lesquels elle partage la m\u00eame mission ou les m\u00eames objectifs strat\u00e9giques. L'ONG Empowering Response poursuit ses changements organisationnels et op\u00e9rationnels. Dans un monde en constante \u00e9volution, notre ONG doit \u00eatre capable de s'adapter aux nouvelles id\u00e9es et aux nouvelles r\u00e9alit\u00e9s environnementales, \u00e9conomiques, politiques et sociales d'un monde en profonde mutation.<\/p><p>Pour accompagner ce changement strat\u00e9gique, une organisation r\u00e9gionale appel\u00e9e \u00ab\u00a0Empowering Response East African Community\u00a0\u00bb (EREAC) a \u00e9t\u00e9 cr\u00e9\u00e9e en 2019 afin d'\u00e9tendre la vision de l'ONG Empowering Response aux pays de la Communaut\u00e9 de l'Afrique de l'Est. La cr\u00e9ation de l'organisation non gouvernementale r\u00e9gionale Empowering Response EAC (EREAC) est l'\u00e9manation de dirigeants et de professionnels du d\u00e9veloppement socio-\u00e9conomique de divers horizons et de diff\u00e9rents pays souhaitant participer \u00e0 la lutte contre la pauvret\u00e9, la faim et au renforcement de la gouvernance locale dans les pays de la Communaut\u00e9 de l'Afrique de l'Est et au sud de la R\u00e9publique d\u00e9mocratique du Congo (RDC).<\/p>\t\t\t\t\t\t<\/div>\n\t\t\t\t<\/div>\n\t\t\t\t\t<\/div>\n\t\t<\/div>\n\t\t\t\t\t\t\t<\/div>\n\t\t<\/section>\n\t\t\t\t\t\t\t<\/div>","protected":false},"excerpt":{"rendered":"<p>In 2003, the NGO Empowering Response Burundi-ERB was created by a group of intellectuals and professionals in the field of socioeconomic development to bring their skills and experiences to the reconstruction and restoration of the hope of the Burundians after more than 10 years of civil war that broke out in 1993 following the assassination [&hellip;]<\/p>","protected":false},"author":1,"featured_media":0,"parent":0,"menu_order":0,"comment_status":"closed","ping_status":"closed","template":"","meta":{"footnotes":""},"class_list":["post-8808","page","type-page","status-publish","hentry"],"_links":{"self":[{"href":"https:\/\/erbdi.org\/fr\/wp-json\/wp\/v2\/pages\/8808","targetHints":{"allow":["GET"]}}],"collection":[{"href":"https:\/\/erbdi.org\/fr\/wp-json\/wp\/v2\/pages"}],"about":[{"href":"https:\/\/erbdi.org\/fr\/wp-json\/wp\/v2\/types\/page"}],"author":[{"embeddable":true,"href":"https:\/\/erbdi.org\/fr\/wp-json\/wp\/v2\/users\/1"}],"replies":[{"embeddable":true,"href":"https:\/\/erbdi.org\/fr\/wp-json\/wp\/v2\/comments?post=8808"}],"version-history":[{"count":22,"href":"https:\/\/erbdi.org\/fr\/wp-json\/wp\/v2\/pages\/8808\/revisions"}],"predecessor-version":[{"id":9849,"href":"https:\/\/erbdi.org\/fr\/wp-json\/wp\/v2\/pages\/8808\/revisions\/9849"}],"wp:attachment":[{"href":"https:\/\/erbdi.org\/fr\/wp-json\/wp\/v2\/media?parent=8808"}],"curies":[{"name":"wp","href":"https:\/\/api.w.org\/{rel}","templated":true}]}}