{"id":9288,"date":"2024-12-04T13:25:14","date_gmt":"2024-12-04T13:25:14","guid":{"rendered":"https:\/\/erbdi.org\/?page_id=9288"},"modified":"2026-03-17T08:31:05","modified_gmt":"2026-03-17T08:31:05","slug":"erb-a-foundation-built-on-strong-values","status":"publish","type":"page","link":"https:\/\/erbdi.org\/fr\/erb-a-foundation-built-on-strong-values\/","title":{"rendered":"Nos valeurs et principes"},"content":{"rendered":"<div data-elementor-type=\"wp-page\" data-elementor-id=\"9288\" class=\"elementor elementor-9288\">\n\t\t\t\t\t\t\t\t\t<section class=\"elementor-section elementor-top-section elementor-element elementor-element-4cc6db4 elementor-section-boxed elementor-section-height-default elementor-section-height-default\" data-id=\"4cc6db4\" data-element_type=\"section\" data-settings=\"{&quot;background_background&quot;:&quot;classic&quot;}\">\n\t\t\t\t\t\t<div class=\"elementor-container elementor-column-gap-default\">\n\t\t\t\t\t<div class=\"elementor-column elementor-col-50 elementor-top-column elementor-element elementor-element-e879b15\" data-id=\"e879b15\" data-element_type=\"column\">\n\t\t\t<div class=\"elementor-widget-wrap elementor-element-populated\">\n\t\t\t\t\t\t\t\t<div class=\"elementor-element elementor-element-c1aed2c elementor-widget elementor-widget-image\" data-id=\"c1aed2c\" data-element_type=\"widget\" data-widget_type=\"image.default\">\n\t\t\t\t<div class=\"elementor-widget-container\">\n\t\t\t\t\t\t\t\t\t\t\t\t\t\t\t<img loading=\"lazy\" decoding=\"async\" width=\"1500\" height=\"1000\" src=\"https:\/\/erbdi.org\/wp-content\/uploads\/2023\/04\/erb-40-of-108.jpg\" class=\"attachment-full size-full wp-image-8870\" alt=\"\" srcset=\"https:\/\/erbdi.org\/wp-content\/uploads\/2023\/04\/erb-40-of-108.jpg 1500w, https:\/\/erbdi.org\/wp-content\/uploads\/2023\/04\/erb-40-of-108-300x200.jpg 300w, https:\/\/erbdi.org\/wp-content\/uploads\/2023\/04\/erb-40-of-108-1024x683.jpg 1024w, https:\/\/erbdi.org\/wp-content\/uploads\/2023\/04\/erb-40-of-108-768x512.jpg 768w, https:\/\/erbdi.org\/wp-content\/uploads\/2023\/04\/erb-40-of-108-1080x720.jpg 1080w\" sizes=\"auto, (max-width: 1500px) 100vw, 1500px\" \/>\t\t\t\t\t\t\t\t\t\t\t\t\t\t\t<\/div>\n\t\t\t\t<\/div>\n\t\t\t\t\t<\/div>\n\t\t<\/div>\n\t\t\t\t<div class=\"elementor-column elementor-col-50 elementor-top-column elementor-element elementor-element-0406da5\" data-id=\"0406da5\" data-element_type=\"column\">\n\t\t\t<div class=\"elementor-widget-wrap elementor-element-populated\">\n\t\t\t\t\t\t\t\t<div class=\"elementor-element elementor-element-0516678 elementor-widget elementor-widget-spacer\" data-id=\"0516678\" data-element_type=\"widget\" data-widget_type=\"spacer.default\">\n\t\t\t\t<div class=\"elementor-widget-container\">\n\t\t\t\t\t<div class=\"elementor-spacer\">\n\t\t\t<div class=\"elementor-spacer-inner\"><\/div>\n\t\t<\/div>\n\t\t\t\t<\/div>\n\t\t\t\t<\/div>\n\t\t\t\t<section class=\"elementor-section elementor-inner-section elementor-element elementor-element-c358058 elementor-section-boxed elementor-section-height-default elementor-section-height-default\" data-id=\"c358058\" data-element_type=\"section\">\n\t\t\t\t\t\t<div class=\"elementor-container elementor-column-gap-default\">\n\t\t\t\t\t<div class=\"elementor-column elementor-col-100 elementor-inner-column elementor-element elementor-element-d928303\" data-id=\"d928303\" data-element_type=\"column\" data-settings=\"{&quot;background_background&quot;:&quot;classic&quot;}\">\n\t\t\t<div class=\"elementor-widget-wrap elementor-element-populated\">\n\t\t\t\t\t\t\t\t<div class=\"elementor-element elementor-element-3f209a4 aleft elementor-widget elementor-widget-wgl-double-headings\" data-id=\"3f209a4\" data-element_type=\"widget\" data-widget_type=\"wgl-double-headings.default\">\n\t\t\t\t<div class=\"elementor-widget-container\">\n\t\t\t        <div class=\"wgl-double_heading\"><h3 class=\"dbl__title-wrapper\"><span class=\"dbl__title dbl-title_1\">Nos principes et valeurs <\/span><\/h3>        <\/div>\t\t<\/div>\n\t\t\t\t<\/div>\n\t\t\t\t<div class=\"elementor-element elementor-element-ed5f061 elementor-widget elementor-widget-text-editor\" data-id=\"ed5f061\" data-element_type=\"widget\" data-widget_type=\"text-editor.default\">\n\t\t\t\t<div class=\"elementor-widget-container\">\n\t\t\t\t\t\t\t<p>Nous attachons une importance particuli\u00e8re aux valeurs qui doivent nous guider en tant que membres de l\u2019organisation et de son personnel.<\/p>\t\t\t\t\t\t<\/div>\n\t\t\t\t<\/div>\n\t\t\t\t\t<\/div>\n\t\t<\/div>\n\t\t\t\t\t\t\t<\/div>\n\t\t<\/section>\n\t\t\t\t\t<\/div>\n\t\t<\/div>\n\t\t\t\t\t\t\t<\/div>\n\t\t<\/section>\n\t\t\t\t<section class=\"elementor-section elementor-top-section elementor-element elementor-element-5ec14e0 elementor-section-boxed elementor-section-height-default elementor-section-height-default\" data-id=\"5ec14e0\" data-element_type=\"section\" data-settings=\"{&quot;background_background&quot;:&quot;classic&quot;}\">\n\t\t\t\t\t\t<div class=\"elementor-container elementor-column-gap-default\">\n\t\t\t\t\t<div class=\"elementor-column elementor-col-100 elementor-top-column elementor-element elementor-element-1a07c63\" data-id=\"1a07c63\" data-element_type=\"column\">\n\t\t\t<div class=\"elementor-widget-wrap elementor-element-populated\">\n\t\t\t\t\t\t\t\t<div class=\"elementor-element elementor-element-753d881 elementor-widget elementor-widget-heading\" data-id=\"753d881\" data-element_type=\"widget\" data-widget_type=\"heading.default\">\n\t\t\t\t<div class=\"elementor-widget-container\">\n\t\t\t<h2 class=\"elementor-heading-title elementor-size-default\">Nos valeurs<\/h2>\t\t<\/div>\n\t\t\t\t<\/div>\n\t\t\t\t\t<\/div>\n\t\t<\/div>\n\t\t\t\t\t\t\t<\/div>\n\t\t<\/section>\n\t\t\t\t<section class=\"elementor-section elementor-top-section elementor-element elementor-element-b4fedf4 elementor-section-boxed elementor-section-height-default elementor-section-height-default\" data-id=\"b4fedf4\" data-element_type=\"section\" data-settings=\"{&quot;background_background&quot;:&quot;classic&quot;}\">\n\t\t\t\t\t\t<div class=\"elementor-container elementor-column-gap-default\">\n\t\t\t\t\t<div class=\"elementor-column elementor-col-50 elementor-top-column elementor-element elementor-element-eeaa017\" data-id=\"eeaa017\" data-element_type=\"column\">\n\t\t\t<div class=\"elementor-widget-wrap elementor-element-populated\">\n\t\t\t\t\t\t\t\t<div class=\"elementor-element elementor-element-08c4bea elementor-widget elementor-widget-wgl-time-line-vertical\" data-id=\"08c4bea\" data-element_type=\"widget\" data-widget_type=\"wgl-time-line-vertical.default\">\n\t\t\t\t<div class=\"elementor-widget-container\">\n\t\t\t<div class=\"wgl-timeline-vertical appear_animation\"><div class=\"tlv__items-wrapper\"><div class=\"tlv__item\"><div class=\"tlv__date-wrapper\"><span class=\"tlv__date\">Int\u00e9grit\u00e9 <\/span><\/div><div class=\"tlv__curve-wrapper\"><\/div><div class=\"tlv__volume-wrapper\"><div class=\"tlv__content-wrapper\"><div class=\"tlv__media\"><\/div><div class=\"tlv__content\"><div class=\"tlv__text\"><p style=\"text-align: center\"><span>L'organisation s'engage \u00e0 \u00eatre honn\u00eate, juste et responsable de ses actions, garantissant ainsi des normes morales \u00e9lev\u00e9es tant dans la vie priv\u00e9e que professionnelle.<\/span><\/p><\/div><\/div><\/div><\/div><\/div><div class=\"tlv__item\"><div class=\"tlv__date-wrapper\"><span class=\"tlv__date\">Excellence<\/span><\/div><div class=\"tlv__curve-wrapper\"><\/div><div class=\"tlv__volume-wrapper\"><div class=\"tlv__content-wrapper\"><div class=\"tlv__media\"><\/div><div class=\"tlv__content\"><div class=\"tlv__text\"><p style=\"text-align: center\"><span>ERB s'engage \u00e0 fournir un travail exceptionnel gr\u00e2ce \u00e0 son professionnalisme et \u00e0 sa volont\u00e9 d'am\u00e9lioration continue.<\/span><\/p><\/div><\/div><\/div><\/div><\/div><\/div><\/div>\t\t<\/div>\n\t\t\t\t<\/div>\n\t\t\t\t\t<\/div>\n\t\t<\/div>\n\t\t\t\t<div class=\"elementor-column elementor-col-50 elementor-top-column elementor-element elementor-element-81151d3\" data-id=\"81151d3\" data-element_type=\"column\">\n\t\t\t<div class=\"elementor-widget-wrap elementor-element-populated\">\n\t\t\t\t\t\t\t\t<div class=\"elementor-element elementor-element-43ff949 elementor-widget elementor-widget-wgl-time-line-vertical\" data-id=\"43ff949\" data-element_type=\"widget\" data-widget_type=\"wgl-time-line-vertical.default\">\n\t\t\t\t<div class=\"elementor-widget-container\">\n\t\t\t<div class=\"wgl-timeline-vertical appear_animation\"><div class=\"tlv__items-wrapper\"><div class=\"tlv__item\"><div class=\"tlv__date-wrapper\"><span class=\"tlv__date\">Transparence<\/span><\/div><div class=\"tlv__curve-wrapper\"><\/div><div class=\"tlv__volume-wrapper\"><div class=\"tlv__content-wrapper\"><div class=\"tlv__media\"><\/div><div class=\"tlv__content\"><div class=\"tlv__text\"><p style=\"text-align: center\"><span>Ils promeuvent une culture de confiance, favorisant une gestion responsable des ressources et une transparence financi\u00e8re.<\/span><\/p><\/div><\/div><\/div><\/div><\/div><div class=\"tlv__item\"><div class=\"tlv__date-wrapper\"><span class=\"tlv__date\">Respect<\/span><\/div><div class=\"tlv__curve-wrapper\"><\/div><div class=\"tlv__volume-wrapper\"><div class=\"tlv__content-wrapper\"><div class=\"tlv__media\"><\/div><div class=\"tlv__content\"><div class=\"tlv__text\"><p style=\"text-align: center\"><span>ERB reconna\u00eet l'\u00e9gale dignit\u00e9 de tous les individus, valorisant la diversit\u00e9 et les cultures des communaut\u00e9s qu'elle sert.<\/span><\/p><\/div><\/div><\/div><\/div><\/div><\/div><\/div>\t\t<\/div>\n\t\t\t\t<\/div>\n\t\t\t\t\t<\/div>\n\t\t<\/div>\n\t\t\t\t\t\t\t<\/div>\n\t\t<\/section>\n\t\t\t\t\t\t\t<\/div>","protected":false},"excerpt":{"rendered":"<p>Our Principles and Values We attach particular importance to the values that should guide us as members of the organization and its staff. Our Values Integrity The organization is committed to being honest, fair, and accountable for its efforts, ensuring high moral standards in both private and professional life. Excellence ERB is committed to delivering [&hellip;]<\/p>","protected":false},"author":4,"featured_media":8810,"parent":0,"menu_order":0,"comment_status":"closed","ping_status":"closed","template":"","meta":{"footnotes":""},"class_list":["post-9288","page","type-page","status-publish","has-post-thumbnail","hentry"],"_links":{"self":[{"href":"https:\/\/erbdi.org\/fr\/wp-json\/wp\/v2\/pages\/9288","targetHints":{"allow":["GET"]}}],"collection":[{"href":"https:\/\/erbdi.org\/fr\/wp-json\/wp\/v2\/pages"}],"about":[{"href":"https:\/\/erbdi.org\/fr\/wp-json\/wp\/v2\/types\/page"}],"author":[{"embeddable":true,"href":"https:\/\/erbdi.org\/fr\/wp-json\/wp\/v2\/users\/4"}],"replies":[{"embeddable":true,"href":"https:\/\/erbdi.org\/fr\/wp-json\/wp\/v2\/comments?post=9288"}],"version-history":[{"count":47,"href":"https:\/\/erbdi.org\/fr\/wp-json\/wp\/v2\/pages\/9288\/revisions"}],"predecessor-version":[{"id":10282,"href":"https:\/\/erbdi.org\/fr\/wp-json\/wp\/v2\/pages\/9288\/revisions\/10282"}],"wp:featuredmedia":[{"embeddable":true,"href":"https:\/\/erbdi.org\/fr\/wp-json\/wp\/v2\/media\/8810"}],"wp:attachment":[{"href":"https:\/\/erbdi.org\/fr\/wp-json\/wp\/v2\/media?parent=9288"}],"curies":[{"name":"wp","href":"https:\/\/api.w.org\/{rel}","templated":true}]}}